{"id":147541,"date":"2014-12-13T01:47:04","date_gmt":"2014-12-13T00:47:04","guid":{"rendered":"https:\/\/cavetmedia.com\/?page_id=147541"},"modified":"2026-04-01T16:41:03","modified_gmt":"2026-04-01T14:41:03","slug":"contacte","status":"publish","type":"page","link":"https:\/\/cavetmedia.com\/ca\/contacte\/","title":{"rendered":"Visus Drone &#8211; Contacte"},"content":{"rendered":"<div class=\"wpb-content-wrapper\"><p>[vc_row row_height_percent=&#8221;0&#8243; override_padding=&#8221;yes&#8221; h_padding=&#8221;2&#8243; top_padding=&#8221;7&#8243; bottom_padding=&#8221;7&#8243; back_color=&#8221;color-xsdn&#8221; overlay_color=&#8221;color-xsdn&#8221; overlay_alpha=&#8221;100&#8243; overlay_animated=&#8221;yes&#8221; overlay_animated_1_color=&#8221;color-210407&#8243; overlay_animated_2_color=&#8221;color-482803&#8243; gutter_size=&#8221;4&#8243; column_width_percent=&#8221;100&#8243; shift_y=&#8221;0&#8243; z_index=&#8221;0&#8243; bottom_divider=&#8221;step_2_3&#8243; content_parallax=&#8221;0&#8243; uncode_shortcode_id=&#8221;184941&#8243; back_color_type=&#8221;uncode-palette&#8221; overlay_animated_1_color_type=&#8221;uncode-palette&#8221; overlay_animated_2_color_type=&#8221;uncode-palette&#8221; overlay_color_type=&#8221;uncode-palette&#8221;][vc_column column_width_percent=&#8221;100&#8243; align_horizontal=&#8221;align_center&#8221; gutter_size=&#8221;1&#8243; overlay_alpha=&#8221;50&#8243; shift_x=&#8221;0&#8243; shift_y=&#8221;0&#8243; shift_y_down=&#8221;0&#8243; z_index=&#8221;0&#8243; medium_width=&#8221;0&#8243; mobile_width=&#8221;0&#8243; width=&#8221;9\/12&#8243; uncode_shortcode_id=&#8221;182203&#8243;][vc_custom_heading text_color=&#8221;color-jevc&#8221; heading_semantic=&#8221;h1&#8243; text_size=&#8221;fontsize-338686&#8243; text_weight=&#8221;500&#8243; css_animation=&#8221;typewriter&#8221; interval_animation=&#8221;40&#8243; uncode_shortcode_id=&#8221;180568&#8243; text_color_type=&#8221;uncode-palette&#8221;]Contacta amb nosaltres[\/vc_custom_heading][vc_custom_heading text_color=&#8221;color-jevc&#8221; heading_semantic=&#8221;h1&#8243; text_size=&#8221;fontsize-155944&#8243; text_weight=&#8221;400&#8243; text_height=&#8221;fontheight-357766&#8243; css_animation=&#8221;typewriter&#8221; animation_speed=&#8221;400&#8243; animation_delay=&#8221;100&#8243; interval_animation=&#8221;40&#8243; uncode_shortcode_id=&#8221;752975&#8243; text_color_type=&#8221;uncode-palette&#8221;]<\/p>\n<h2 style=\"color: #1f262f; font-size: 0.5em;\">Som aqu\u00ed per fer el teu projecte realitat<\/h2>\n<p>[\/vc_custom_heading][\/vc_column][\/vc_row][vc_row unlock_row=&#8221;&#8221; row_height_percent=&#8221;0&#8243; override_padding=&#8221;yes&#8221; h_padding=&#8221;2&#8243; top_padding=&#8221;4&#8243; bottom_padding=&#8221;4&#8243; overlay_alpha=&#8221;100&#8243; gutter_size=&#8221;3&#8243; column_width_percent=&#8221;100&#8243; shift_y=&#8221;0&#8243; z_index=&#8221;0&#8243;][vc_column column_width_percent=&#8221;90&#8243; position_horizontal=&#8221;left&#8221; gutter_size=&#8221;3&#8243; font_family=&#8221;font-846016&#8243; overlay_alpha=&#8221;100&#8243; shift_x=&#8221;0&#8243; shift_y=&#8221;0&#8243; shift_y_down=&#8221;0&#8243; z_index=&#8221;0&#8243; medium_width=&#8221;5&#8243; mobile_width=&#8221;0&#8243; zoom_width=&#8221;0&#8243; zoom_height=&#8221;0&#8243; width=&#8221;7\/12&#8243; uncode_shortcode_id=&#8221;107675&#8243;][vc_custom_heading text_size=&#8221;h3&#8243; css_animation=&#8221;left-t-right&#8221; animation_speed=&#8221;1000&#8243; animation_delay=&#8221;200&#8243; text_align=&#8221;text-left&#8221; text_uppercase=&#8221;&#8221; subheading=&#8221;A Visus Drone, estem sempre llestos per escoltar les teves idees i convertir-les en projectes visuals \u00fanics. Si tens alguna pregunta, vols obtenir m\u00e9s informaci\u00f3 sobre els nostres serveis o vols comen\u00e7ar a treballar junts al teu proper projecte, no dubtis en posar-te en contacte amb nosaltres.<\/p>\n<p>Com et podem ajudar?<\/p>\n<p>Ja sigui que necessitis fotografia, v\u00eddeo, drones o so, el nostre equip est\u00e0 comprom\u00e8s a oferir-te el millor servei i qualitat. Explica&#8217;ns m\u00e9s sobre la teva visi\u00f3, i junts crearem una cosa incre\u00efble.<\/p>\n<p>Est\u00e0s llest per portar el teu projecte al seg\u00fcent nivell?<\/p>\n<p>Omple el formulari a continuaci\u00f3 o contacta&#8217;ns directament a trav\u00e9s dels seg\u00fcents mitjans&#8221; uncode_shortcode_id=&#8221;144329&#8243; text_color_type=&#8221;uncode-palette&#8221; text_color_solid=&#8221;#ff0000&#8243;]Som aqu\u00ed per ajudar-te![\/vc_custom_heading][\/vc_column][vc_column column_width_percent=&#8221;100&#8243; position_horizontal=&#8221;left&#8221; gutter_size=&#8221;3&#8243; overlay_alpha=&#8221;100&#8243; shift_x=&#8221;0&#8243; shift_y=&#8221;0&#8243; shift_y_down=&#8221;0&#8243; z_index=&#8221;0&#8243; medium_width=&#8221;3&#8243; mobile_width=&#8221;0&#8243; css_animation=&#8221;right-t-left&#8221; animation_speed=&#8221;1000&#8243; animation_delay=&#8221;200&#8243; zoom_width=&#8221;0&#8243; zoom_height=&#8221;0&#8243; width=&#8221;5\/12&#8243; uncode_shortcode_id=&#8221;138494&#8243;][vc_goo_maps location=&#8221;Lleida&#8221; height=&#8221;250px&#8221; zoom=&#8221;15&#8243; css=&#8221;&#8221;][vc_custom_heading text_size=&#8221;h3&#8243; text_align=&#8221;text-left&#8221; text_uppercase=&#8221;&#8221; subheading=&#8221;info@cavetmedia.com<br \/>\n+34 608 295 914<br \/>\nLleida, Espanya (25001)&#8221; uncode_shortcode_id=&#8221;147348&#8243; text_color_type=&#8221;uncode-palette&#8221; text_color_solid=&#8221;#ff0000&#8243;]Dades de contacte[\/vc_custom_heading][vc_goo_maps location=&#8221;Avinguda de Lleida, 81, Bellpuig&#8221; height=&#8221;250px&#8221; zoom=&#8221;15&#8243; css=&#8221;&#8221;][vc_custom_heading text_size=&#8221;h3&#8243; text_align=&#8221;text-left&#8221; text_uppercase=&#8221;&#8221; subheading=&#8221;Avinguda de Lleida, 81, Bellpuig<br \/>\nLleida, Espanya (25250)&#8221; uncode_shortcode_id=&#8221;212549&#8243; text_color_type=&#8221;uncode-palette&#8221; text_color_solid=&#8221;#ff0000&#8243;]Dades de contacte[\/vc_custom_heading][\/vc_column][\/vc_row][vc_row unlock_row=&#8221;&#8221; row_height_percent=&#8221;0&#8243; override_padding=&#8221;yes&#8221; h_padding=&#8221;2&#8243; top_padding=&#8221;4&#8243; bottom_padding=&#8221;4&#8243; overlay_alpha=&#8221;100&#8243; gutter_size=&#8221;3&#8243; column_width_percent=&#8221;100&#8243; shift_y=&#8221;0&#8243; z_index=&#8221;0&#8243; content_parallax=&#8221;0&#8243; uncode_shortcode_id=&#8221;731089&#8243; css=&#8221;.vc_custom_1740049344221{margin-top: -100px !important;}&#8221;][vc_column column_width_percent=&#8221;90&#8243; position_horizontal=&#8221;left&#8221; gutter_size=&#8221;3&#8243; overlay_alpha=&#8221;100&#8243; shift_x=&#8221;0&#8243; shift_y=&#8221;0&#8243; shift_y_down=&#8221;0&#8243; z_index=&#8221;0&#8243; medium_width=&#8221;5&#8243; mobile_width=&#8221;0&#8243; css_animation=&#8221;alpha-anim&#8221; animation_speed=&#8221;1000&#8243; animation_delay=&#8221;400&#8243; zoom_width=&#8221;0&#8243; zoom_height=&#8221;0&#8243; width=&#8221;1\/1&#8243; uncode_shortcode_id=&#8221;169306&#8243;]\n<div class=\"wpcf7 no-js\" id=\"wpcf7-f147586-o1\" lang=\"ca\" dir=\"ltr\" data-wpcf7-id=\"147586\">\n<div class=\"screen-reader-response\"><p role=\"status\" aria-live=\"polite\" aria-atomic=\"true\"><\/p> <ul><\/ul><\/div>\n<form action=\"\/ca\/wp-json\/wp\/v2\/pages\/147541#wpcf7-f147586-o1\" method=\"post\" class=\"wpcf7-form init\" aria-label=\"Formulari de contacte\" novalidate=\"novalidate\" data-status=\"init\">\n<div style=\"display: none;\">\n<input type=\"hidden\" name=\"_wpcf7\" value=\"147586\" \/>\n<input type=\"hidden\" name=\"_wpcf7_version\" value=\"6.0.6\" \/>\n<input type=\"hidden\" name=\"_wpcf7_locale\" value=\"ca\" \/>\n<input type=\"hidden\" name=\"_wpcf7_unit_tag\" value=\"wpcf7-f147586-o1\" \/>\n<input type=\"hidden\" name=\"_wpcf7_container_post\" value=\"0\" \/>\n<input type=\"hidden\" name=\"_wpcf7_posted_data_hash\" value=\"\" \/>\n<input type=\"hidden\" name=\"_wpcf7_recaptcha_response\" value=\"\" \/>\n<\/div>\n<div style=\"display:flex\">\n\t<div style=\"width:49%;margin-right:10px;\">\n\t\t<p><label><b>Nom y cognom<\/b><br \/>\n<span class=\"wpcf7-form-control-wrap\" data-name=\"your-name\"><input size=\"40\" maxlength=\"400\" class=\"wpcf7-form-control wpcf7-text wpcf7-validates-as-required\" aria-required=\"true\" aria-invalid=\"false\" value=\"\" type=\"text\" name=\"your-name\" \/><\/span> <\/label>\n\t\t<\/p>\n\t<\/div>\n\t<div style=\"width:49%;margin-left:10px;\">\n\t\t<p><label><b>Asumpte<\/b><br \/>\n<span class=\"wpcf7-form-control-wrap\" data-name=\"your-subject\"><input size=\"40\" maxlength=\"400\" class=\"wpcf7-form-control wpcf7-text wpcf7-validates-as-required\" aria-required=\"true\" aria-invalid=\"false\" value=\"\" type=\"text\" name=\"your-subject\" \/><\/span> <\/label>\n\t\t<\/p>\n\t<\/div>\n<\/div>\n<div style=\"display:flex\">\n\t<div style=\"width:49%;margin-right:10px;\">\n\t\t<p><label><b>Correu electr\u00f2nic<\/b><br \/>\n<span class=\"wpcf7-form-control-wrap\" data-name=\"your-email\"><input size=\"40\" maxlength=\"400\" class=\"wpcf7-form-control wpcf7-email wpcf7-validates-as-required wpcf7-text wpcf7-validates-as-email\" aria-required=\"true\" aria-invalid=\"false\" value=\"\" type=\"email\" name=\"your-email\" \/><\/span> <\/label>\n\t\t<\/p>\n\t<\/div>\n\t<div style=\"width:49%;margin-left:10px;\">\n\t\t<p><label><b>Tel\u00e8fon<br \/>\n<\/b><span class=\"wpcf7-form-control-wrap\" data-name=\"tel-250\"><input size=\"40\" maxlength=\"400\" class=\"wpcf7-form-control wpcf7-tel wpcf7-validates-as-required wpcf7-text wpcf7-validates-as-tel\" aria-required=\"true\" aria-invalid=\"false\" value=\"\" type=\"tel\" name=\"tel-250\" \/><\/span> <\/label>\n\t\t<\/p>\n\t<\/div>\n<\/div>\n<div style=\"display:flex\">\n\t<div style=\"width:49%;margin-right:10px;\">\n\t\t<p><label><b>Qu\u00e8 necessites?<br \/>\n<\/b><span class=\"wpcf7-form-control-wrap\" data-name=\"menu-26\"><select class=\"wpcf7-form-control wpcf7-select wpcf7-validates-as-required\" aria-required=\"true\" aria-invalid=\"false\" name=\"menu-26\"><option value=\"Informaci\u00f3\">Informaci\u00f3<\/option><option value=\"Dubte\">Dubte<\/option><option value=\"Consulta\">Consulta<\/option><option value=\"Servei\">Servei<\/option><\/select><\/span> <\/label>\n\t\t<\/p>\n\t<\/div>\n\t<div style=\"width:49%;margin-left:10px;\">\n\t\t<p><label><b>Quin servei? <\/b><span style=\"font-size:10px;font-style:italic;\">Nom\u00e9s si has escollit servei<br \/>\n<\/span><span class=\"wpcf7-form-control-wrap\" data-name=\"menu-447\"><select class=\"wpcf7-form-control wpcf7-select wpcf7-validates-as-required\" aria-required=\"true\" aria-invalid=\"false\" name=\"menu-447\"><option value=\"-\">-<\/option><option value=\"Fotografia\">Fotografia<\/option><option value=\"V\u00eddeo\">V\u00eddeo<\/option><option value=\"Drone\">Drone<\/option><option value=\"So\">So<\/option><\/select><\/span> <\/label>\n\t\t<\/p>\n\t<\/div>\n<\/div>\n<p><label><b>Missatge<\/b><br \/>\n<span class=\"wpcf7-form-control-wrap\" data-name=\"your-message\"><textarea cols=\"40\" rows=\"10\" maxlength=\"2000\" class=\"wpcf7-form-control wpcf7-textarea\" aria-invalid=\"false\" name=\"your-message\"><\/textarea><\/span> <\/label>\n<\/p>\n<p><span class=\"wpcf7-form-control-wrap\" data-name=\"acceptance-58\"><span class=\"wpcf7-form-control wpcf7-acceptance\"><span class=\"wpcf7-list-item\"><input type=\"checkbox\" name=\"acceptance-58\" value=\"1\" aria-invalid=\"false\" \/><\/span><\/span><\/span><label>He leido y acepto la <a href=\"\/politica-de-privacidad\">pol\u00edtica de privacidad <\/a>y el<a href=\"\/aviso-legal\"> aviso legal<\/a><\/label>\n<\/p>\n<p><input class=\"wpcf7-form-control wpcf7-submit has-spinner\" type=\"submit\" value=\"Enviar\" \/>\n<\/p><p style=\"display: none !important;\" class=\"akismet-fields-container\" data-prefix=\"_wpcf7_ak_\"><label>&#916;<textarea name=\"_wpcf7_ak_hp_textarea\" cols=\"45\" rows=\"8\" maxlength=\"100\"><\/textarea><\/label><input type=\"hidden\" id=\"ak_js_1\" name=\"_wpcf7_ak_js\" value=\"9\"\/><script>document.getElementById( \"ak_js_1\" ).setAttribute( \"value\", ( new Date() ).getTime() );<\/script><\/p><div class=\"wpcf7-response-output\" aria-hidden=\"true\"><\/div>\n<\/form>\n<\/div>\n[\/vc_column][\/vc_row]<\/p>\n<\/div>","protected":false},"excerpt":{"rendered":"<p>[vc_row row_height_percent=&#8221;0&#8243; override_padding=&#8221;yes&#8221; h_padding=&#8221;2&#8243; top_padding=&#8221;7&#8243; bottom_padding=&#8221;7&#8243; back_color=&#8221;color-xsdn&#8221; overlay_color=&#8221;color-xsdn&#8221; overlay_alpha=&#8221;100&#8243; overlay_animated=&#8221;yes&#8221; overlay_animated_1_color=&#8221;color-210407&#8243; overlay_animated_2_color=&#8221;color-482803&#8243; gutter_size=&#8221;4&#8243; column_width_percent=&#8221;100&#8243; shift_y=&#8221;0&#8243; z_index=&#8221;0&#8243; bottom_divider=&#8221;step_2_3&#8243; content_parallax=&#8221;0&#8243; uncode_shortcode_id=&#8221;184941&#8243; back_color_type=&#8221;uncode-palette&#8221; [&hellip;]<\/p>\n","protected":false},"author":1,"featured_media":0,"parent":0,"menu_order":0,"comment_status":"open","ping_status":"closed","template":"","meta":{"footnotes":""},"class_list":["post-147541","page","type-page","status-publish","hentry"],"yoast_head":"<!-- This site is optimized with the Yoast SEO plugin v25.3 - https:\/\/yoast.com\/wordpress\/plugins\/seo\/ -->\n<title>Visus Drone - Contacte - Visus Drone<\/title>\n<meta name=\"robots\" content=\"index, follow, max-snippet:-1, max-image-preview:large, max-video-preview:-1\" \/>\n<link rel=\"canonical\" href=\"https:\/\/cavetmedia.com\/ca\/contacte\/\" \/>\n<meta property=\"og:locale\" content=\"ca_ES\" \/>\n<meta property=\"og:type\" content=\"article\" \/>\n<meta property=\"og:title\" content=\"Visus Drone - Contacte - Visus Drone\" \/>\n<meta property=\"og:description\" content=\"[vc_row row_height_percent=&#8221;0&#8243; override_padding=&#8221;yes&#8221; h_padding=&#8221;2&#8243; top_padding=&#8221;7&#8243; bottom_padding=&#8221;7&#8243; back_color=&#8221;color-xsdn&#8221; overlay_color=&#8221;color-xsdn&#8221; overlay_alpha=&#8221;100&#8243; overlay_animated=&#8221;yes&#8221; overlay_animated_1_color=&#8221;color-210407&#8243; overlay_animated_2_color=&#8221;color-482803&#8243; gutter_size=&#8221;4&#8243; column_width_percent=&#8221;100&#8243; shift_y=&#8221;0&#8243; z_index=&#8221;0&#8243; bottom_divider=&#8221;step_2_3&#8243; content_parallax=&#8221;0&#8243; uncode_shortcode_id=&#8221;184941&#8243; back_color_type=&#8221;uncode-palette&#8221; [&hellip;]\" \/>\n<meta property=\"og:url\" content=\"https:\/\/cavetmedia.com\/ca\/contacte\/\" \/>\n<meta property=\"og:site_name\" content=\"Visus Drone\" \/>\n<meta property=\"article:modified_time\" content=\"2026-04-01T14:41:03+00:00\" \/>\n<meta name=\"twitter:card\" content=\"summary_large_image\" \/>\n<meta name=\"twitter:label1\" content=\"Temps estimat de lectura\" \/>\n\t<meta name=\"twitter:data1\" content=\"2 minuts\" \/>\n<script type=\"application\/ld+json\" class=\"yoast-schema-graph\">{\"@context\":\"https:\/\/schema.org\",\"@graph\":[{\"@type\":\"WebPage\",\"@id\":\"https:\/\/cavetmedia.com\/ca\/contacte\/\",\"url\":\"https:\/\/cavetmedia.com\/ca\/contacte\/\",\"name\":\"Visus Drone - Contacte - Visus Drone\",\"isPartOf\":{\"@id\":\"https:\/\/cavetmedia.com\/ca\/#website\"},\"datePublished\":\"2014-12-13T00:47:04+00:00\",\"dateModified\":\"2026-04-01T14:41:03+00:00\",\"breadcrumb\":{\"@id\":\"https:\/\/cavetmedia.com\/ca\/contacte\/#breadcrumb\"},\"inLanguage\":\"ca\",\"potentialAction\":[{\"@type\":\"ReadAction\",\"target\":[\"https:\/\/cavetmedia.com\/ca\/contacte\/\"]}]},{\"@type\":\"BreadcrumbList\",\"@id\":\"https:\/\/cavetmedia.com\/ca\/contacte\/#breadcrumb\",\"itemListElement\":[{\"@type\":\"ListItem\",\"position\":1,\"name\":\"Portada\",\"item\":\"https:\/\/cavetmedia.com\/ca\/cavet-media-productora-audiovisual\/\"},{\"@type\":\"ListItem\",\"position\":2,\"name\":\"Visus Drone &#8211; Contacte\"}]},{\"@type\":\"WebSite\",\"@id\":\"https:\/\/cavetmedia.com\/ca\/#website\",\"url\":\"https:\/\/cavetmedia.com\/ca\/\",\"name\":\"Visus Drone\",\"description\":\"Productora audiovisual\",\"potentialAction\":[{\"@type\":\"SearchAction\",\"target\":{\"@type\":\"EntryPoint\",\"urlTemplate\":\"https:\/\/cavetmedia.com\/ca\/?s={search_term_string}\"},\"query-input\":{\"@type\":\"PropertyValueSpecification\",\"valueRequired\":true,\"valueName\":\"search_term_string\"}}],\"inLanguage\":\"ca\"}]}<\/script>\n<!-- \/ Yoast SEO plugin. -->","yoast_head_json":{"title":"Visus Drone - Contacte - Visus Drone","robots":{"index":"index","follow":"follow","max-snippet":"max-snippet:-1","max-image-preview":"max-image-preview:large","max-video-preview":"max-video-preview:-1"},"canonical":"https:\/\/cavetmedia.com\/ca\/contacte\/","og_locale":"ca_ES","og_type":"article","og_title":"Visus Drone - Contacte - Visus Drone","og_description":"[vc_row row_height_percent=&#8221;0&#8243; override_padding=&#8221;yes&#8221; h_padding=&#8221;2&#8243; top_padding=&#8221;7&#8243; bottom_padding=&#8221;7&#8243; back_color=&#8221;color-xsdn&#8221; overlay_color=&#8221;color-xsdn&#8221; overlay_alpha=&#8221;100&#8243; overlay_animated=&#8221;yes&#8221; overlay_animated_1_color=&#8221;color-210407&#8243; overlay_animated_2_color=&#8221;color-482803&#8243; gutter_size=&#8221;4&#8243; column_width_percent=&#8221;100&#8243; shift_y=&#8221;0&#8243; z_index=&#8221;0&#8243; bottom_divider=&#8221;step_2_3&#8243; content_parallax=&#8221;0&#8243; uncode_shortcode_id=&#8221;184941&#8243; back_color_type=&#8221;uncode-palette&#8221; [&hellip;]","og_url":"https:\/\/cavetmedia.com\/ca\/contacte\/","og_site_name":"Visus Drone","article_modified_time":"2026-04-01T14:41:03+00:00","twitter_card":"summary_large_image","twitter_misc":{"Temps estimat de lectura":"2 minuts"},"schema":{"@context":"https:\/\/schema.org","@graph":[{"@type":"WebPage","@id":"https:\/\/cavetmedia.com\/ca\/contacte\/","url":"https:\/\/cavetmedia.com\/ca\/contacte\/","name":"Visus Drone - Contacte - Visus Drone","isPartOf":{"@id":"https:\/\/cavetmedia.com\/ca\/#website"},"datePublished":"2014-12-13T00:47:04+00:00","dateModified":"2026-04-01T14:41:03+00:00","breadcrumb":{"@id":"https:\/\/cavetmedia.com\/ca\/contacte\/#breadcrumb"},"inLanguage":"ca","potentialAction":[{"@type":"ReadAction","target":["https:\/\/cavetmedia.com\/ca\/contacte\/"]}]},{"@type":"BreadcrumbList","@id":"https:\/\/cavetmedia.com\/ca\/contacte\/#breadcrumb","itemListElement":[{"@type":"ListItem","position":1,"name":"Portada","item":"https:\/\/cavetmedia.com\/ca\/cavet-media-productora-audiovisual\/"},{"@type":"ListItem","position":2,"name":"Visus Drone &#8211; Contacte"}]},{"@type":"WebSite","@id":"https:\/\/cavetmedia.com\/ca\/#website","url":"https:\/\/cavetmedia.com\/ca\/","name":"Visus Drone","description":"Productora audiovisual","potentialAction":[{"@type":"SearchAction","target":{"@type":"EntryPoint","urlTemplate":"https:\/\/cavetmedia.com\/ca\/?s={search_term_string}"},"query-input":{"@type":"PropertyValueSpecification","valueRequired":true,"valueName":"search_term_string"}}],"inLanguage":"ca"}]}},"_links":{"self":[{"href":"https:\/\/cavetmedia.com\/ca\/wp-json\/wp\/v2\/pages\/147541","targetHints":{"allow":["GET"]}}],"collection":[{"href":"https:\/\/cavetmedia.com\/ca\/wp-json\/wp\/v2\/pages"}],"about":[{"href":"https:\/\/cavetmedia.com\/ca\/wp-json\/wp\/v2\/types\/page"}],"author":[{"embeddable":true,"href":"https:\/\/cavetmedia.com\/ca\/wp-json\/wp\/v2\/users\/1"}],"replies":[{"embeddable":true,"href":"https:\/\/cavetmedia.com\/ca\/wp-json\/wp\/v2\/comments?post=147541"}],"version-history":[{"count":6,"href":"https:\/\/cavetmedia.com\/ca\/wp-json\/wp\/v2\/pages\/147541\/revisions"}],"predecessor-version":[{"id":147858,"href":"https:\/\/cavetmedia.com\/ca\/wp-json\/wp\/v2\/pages\/147541\/revisions\/147858"}],"wp:attachment":[{"href":"https:\/\/cavetmedia.com\/ca\/wp-json\/wp\/v2\/media?parent=147541"}],"curies":[{"name":"wp","href":"https:\/\/api.w.org\/{rel}","templated":true}]}}